{"id":3577,"date":"2021-04-19T10:44:36","date_gmt":"2021-04-19T08:44:36","guid":{"rendered":"https:\/\/mygrappa.it\/?post_type=product&#038;p=3577"},"modified":"2024-12-18T01:32:44","modified_gmt":"2024-12-18T00:32:44","slug":"amarone-grappa","status":"publish","type":"product","link":"https:\/\/mygrappa.it\/en\/product\/amarone-grappa\/","title":{"rendered":"Amarone Grappa"},"content":{"rendered":"<p>Questa grappa \u00e8 ottenuta da vinacce appassite (su graticci di legno prima della pigiatura) d&#8217;uve Corvina (vitigno principale), Molinara (pi\u00f9 leggera e profumata) e Rondinella (che d\u00e0 all&#8217;uvaggio corpo e acidit\u00e0) della zona veneta del Valpolicella, matura in grosse botti di rovere per lunghi mesi e viene successivamente affinata in piccole barriques di rovere francese del Limousin.<br \/>\n<strong>Colore:<\/strong> ambra intenso<br \/>\n<strong>Profumo:<\/strong> fruttato intenso con aromi vanigliati<br \/>\n<strong>Sapore:<\/strong> Intenso, vanigliato, con sentori di uva passa<\/p>\n<div id=\"gtx-trans\" style=\"position: absolute; left: -18px; top: 168px;\">\n<div class=\"gtx-trans-icon\"><\/div>\n<\/div>\n","protected":false},"excerpt":{"rendered":"<p>Questa grappa \u00e8 ottenuta da vinacce appassite (su graticci di legno prima della pigiatura) d&#8217;uve Corvina (vitigno principale), Molinara (pi\u00f9 leggera e profumata) e Rondinella (che d\u00e0 all&#8217;uvaggio corpo e&hellip;<\/p>\n","protected":false},"featured_media":21461,"template":"","meta":[],"product_brand":[],"product_cat":[284],"product_tag":[],"class_list":{"0":"post-3577","1":"product","2":"type-product","3":"status-publish","4":"has-post-thumbnail","6":"product_cat-lorenzo-inga-dal-1832","8":"first","9":"instock","10":"purchasable","11":"product-type-simple"},"yoast_head":"<!-- This site is optimized with the Yoast SEO plugin v27.5 - https:\/\/yoast.com\/product\/yoast-seo-wordpress\/ -->\n<title>Amarone Grappa - Mygrappa - DIS Srl<\/title>\n<meta name=\"robots\" content=\"index, follow, max-snippet:-1, max-image-preview:large, max-video-preview:-1\" \/>\n<link rel=\"canonical\" href=\"https:\/\/mygrappa.it\/product\/amarone-grappa\/\" \/>\n<meta property=\"og:locale\" content=\"en_US\" \/>\n<meta property=\"og:type\" content=\"article\" \/>\n<meta property=\"og:title\" content=\"Amarone Grappa - Mygrappa - DIS Srl\" \/>\n<meta property=\"og:description\" content=\"Questa grappa \u00e8 ottenuta da vinacce appassite (su graticci di legno prima della pigiatura) d&#8217;uve Corvina (vitigno principale), Molinara (pi\u00f9 leggera e profumata) e Rondinella (che d\u00e0 all&#8217;uvaggio corpo e&hellip;\" \/>\n<meta property=\"og:url\" content=\"https:\/\/mygrappa.it\/product\/amarone-grappa\/\" \/>\n<meta property=\"og:site_name\" content=\"Mygrappa - DIS Srl\" \/>\n<meta property=\"article:modified_time\" content=\"2024-12-18T00:32:44+00:00\" \/>\n<meta property=\"og:image\" content=\"https:\/\/mygrappa.it\/wp-content\/uploads\/2024\/12\/INGA-1832_grappa-amarone-1.png\" \/>\n\t<meta property=\"og:image:width\" content=\"800\" \/>\n\t<meta property=\"og:image:height\" content=\"1349\" \/>\n\t<meta property=\"og:image:type\" content=\"image\/png\" \/>\n<meta name=\"twitter:card\" content=\"summary_large_image\" \/>\n<script type=\"application\/ld+json\" class=\"yoast-schema-graph\">{\"@context\":\"https:\\\/\\\/schema.org\",\"@graph\":[{\"@type\":\"WebPage\",\"@id\":\"https:\\\/\\\/mygrappa.it\\\/product\\\/amarone-grappa\\\/\",\"url\":\"https:\\\/\\\/mygrappa.it\\\/product\\\/amarone-grappa\\\/\",\"name\":\"Amarone Grappa - Mygrappa - DIS Srl\",\"isPartOf\":{\"@id\":\"https:\\\/\\\/mygrappa.it\\\/#website\"},\"primaryImageOfPage\":{\"@id\":\"https:\\\/\\\/mygrappa.it\\\/product\\\/amarone-grappa\\\/#primaryimage\"},\"image\":{\"@id\":\"https:\\\/\\\/mygrappa.it\\\/product\\\/amarone-grappa\\\/#primaryimage\"},\"thumbnailUrl\":\"https:\\\/\\\/mygrappa.it\\\/wp-content\\\/uploads\\\/2024\\\/12\\\/INGA-1832_grappa-amarone-1.png\",\"datePublished\":\"2021-04-19T08:44:36+00:00\",\"dateModified\":\"2024-12-18T00:32:44+00:00\",\"breadcrumb\":{\"@id\":\"https:\\\/\\\/mygrappa.it\\\/product\\\/amarone-grappa\\\/#breadcrumb\"},\"inLanguage\":\"en-US\",\"potentialAction\":[{\"@type\":\"ReadAction\",\"target\":[\"https:\\\/\\\/mygrappa.it\\\/product\\\/amarone-grappa\\\/\"]}]},{\"@type\":\"ImageObject\",\"inLanguage\":\"en-US\",\"@id\":\"https:\\\/\\\/mygrappa.it\\\/product\\\/amarone-grappa\\\/#primaryimage\",\"url\":\"https:\\\/\\\/mygrappa.it\\\/wp-content\\\/uploads\\\/2024\\\/12\\\/INGA-1832_grappa-amarone-1.png\",\"contentUrl\":\"https:\\\/\\\/mygrappa.it\\\/wp-content\\\/uploads\\\/2024\\\/12\\\/INGA-1832_grappa-amarone-1.png\",\"width\":800,\"height\":1349},{\"@type\":\"BreadcrumbList\",\"@id\":\"https:\\\/\\\/mygrappa.it\\\/product\\\/amarone-grappa\\\/#breadcrumb\",\"itemListElement\":[{\"@type\":\"ListItem\",\"position\":1,\"name\":\"Home\",\"item\":\"https:\\\/\\\/mygrappa.it\\\/en\\\/\"},{\"@type\":\"ListItem\",\"position\":2,\"name\":\"Shop\",\"item\":\"https:\\\/\\\/mygrappa.it\\\/shop\\\/\"},{\"@type\":\"ListItem\",\"position\":3,\"name\":\"Amarone Grappa\"}]},{\"@type\":\"WebSite\",\"@id\":\"https:\\\/\\\/mygrappa.it\\\/#website\",\"url\":\"https:\\\/\\\/mygrappa.it\\\/\",\"name\":\"Mygrappa - DIS Srl\",\"description\":\"\",\"publisher\":{\"@id\":\"https:\\\/\\\/mygrappa.it\\\/#organization\"},\"potentialAction\":[{\"@type\":\"SearchAction\",\"target\":{\"@type\":\"EntryPoint\",\"urlTemplate\":\"https:\\\/\\\/mygrappa.it\\\/?s={search_term_string}\"},\"query-input\":{\"@type\":\"PropertyValueSpecification\",\"valueRequired\":true,\"valueName\":\"search_term_string\"}}],\"inLanguage\":\"en-US\"},{\"@type\":\"Organization\",\"@id\":\"https:\\\/\\\/mygrappa.it\\\/#organization\",\"name\":\"Mygrappa - DIS Srl\",\"url\":\"https:\\\/\\\/mygrappa.it\\\/\",\"logo\":{\"@type\":\"ImageObject\",\"inLanguage\":\"en-US\",\"@id\":\"https:\\\/\\\/mygrappa.it\\\/#\\\/schema\\\/logo\\\/image\\\/\",\"url\":\"https:\\\/\\\/mygrappa.it\\\/wp-content\\\/uploads\\\/2023\\\/12\\\/mygrappalogo.png\",\"contentUrl\":\"https:\\\/\\\/mygrappa.it\\\/wp-content\\\/uploads\\\/2023\\\/12\\\/mygrappalogo.png\",\"width\":379,\"height\":80,\"caption\":\"Mygrappa - DIS Srl\"},\"image\":{\"@id\":\"https:\\\/\\\/mygrappa.it\\\/#\\\/schema\\\/logo\\\/image\\\/\"}}]}<\/script>\n<!-- \/ Yoast SEO plugin. -->","yoast_head_json":{"title":"Amarone Grappa - Mygrappa - DIS Srl","robots":{"index":"index","follow":"follow","max-snippet":"max-snippet:-1","max-image-preview":"max-image-preview:large","max-video-preview":"max-video-preview:-1"},"canonical":"https:\/\/mygrappa.it\/product\/amarone-grappa\/","og_locale":"en_US","og_type":"article","og_title":"Amarone Grappa - Mygrappa - DIS Srl","og_description":"Questa grappa \u00e8 ottenuta da vinacce appassite (su graticci di legno prima della pigiatura) d&#8217;uve Corvina (vitigno principale), Molinara (pi\u00f9 leggera e profumata) e Rondinella (che d\u00e0 all&#8217;uvaggio corpo e&hellip;","og_url":"https:\/\/mygrappa.it\/product\/amarone-grappa\/","og_site_name":"Mygrappa - DIS Srl","article_modified_time":"2024-12-18T00:32:44+00:00","og_image":[{"width":800,"height":1349,"url":"https:\/\/mygrappa.it\/wp-content\/uploads\/2024\/12\/INGA-1832_grappa-amarone-1.png","type":"image\/png"}],"twitter_card":"summary_large_image","schema":{"@context":"https:\/\/schema.org","@graph":[{"@type":"WebPage","@id":"https:\/\/mygrappa.it\/product\/amarone-grappa\/","url":"https:\/\/mygrappa.it\/product\/amarone-grappa\/","name":"Amarone Grappa - Mygrappa - DIS Srl","isPartOf":{"@id":"https:\/\/mygrappa.it\/#website"},"primaryImageOfPage":{"@id":"https:\/\/mygrappa.it\/product\/amarone-grappa\/#primaryimage"},"image":{"@id":"https:\/\/mygrappa.it\/product\/amarone-grappa\/#primaryimage"},"thumbnailUrl":"https:\/\/mygrappa.it\/wp-content\/uploads\/2024\/12\/INGA-1832_grappa-amarone-1.png","datePublished":"2021-04-19T08:44:36+00:00","dateModified":"2024-12-18T00:32:44+00:00","breadcrumb":{"@id":"https:\/\/mygrappa.it\/product\/amarone-grappa\/#breadcrumb"},"inLanguage":"en-US","potentialAction":[{"@type":"ReadAction","target":["https:\/\/mygrappa.it\/product\/amarone-grappa\/"]}]},{"@type":"ImageObject","inLanguage":"en-US","@id":"https:\/\/mygrappa.it\/product\/amarone-grappa\/#primaryimage","url":"https:\/\/mygrappa.it\/wp-content\/uploads\/2024\/12\/INGA-1832_grappa-amarone-1.png","contentUrl":"https:\/\/mygrappa.it\/wp-content\/uploads\/2024\/12\/INGA-1832_grappa-amarone-1.png","width":800,"height":1349},{"@type":"BreadcrumbList","@id":"https:\/\/mygrappa.it\/product\/amarone-grappa\/#breadcrumb","itemListElement":[{"@type":"ListItem","position":1,"name":"Home","item":"https:\/\/mygrappa.it\/en\/"},{"@type":"ListItem","position":2,"name":"Shop","item":"https:\/\/mygrappa.it\/shop\/"},{"@type":"ListItem","position":3,"name":"Amarone Grappa"}]},{"@type":"WebSite","@id":"https:\/\/mygrappa.it\/#website","url":"https:\/\/mygrappa.it\/","name":"Mygrappa - DIS Srl","description":"","publisher":{"@id":"https:\/\/mygrappa.it\/#organization"},"potentialAction":[{"@type":"SearchAction","target":{"@type":"EntryPoint","urlTemplate":"https:\/\/mygrappa.it\/?s={search_term_string}"},"query-input":{"@type":"PropertyValueSpecification","valueRequired":true,"valueName":"search_term_string"}}],"inLanguage":"en-US"},{"@type":"Organization","@id":"https:\/\/mygrappa.it\/#organization","name":"Mygrappa - DIS Srl","url":"https:\/\/mygrappa.it\/","logo":{"@type":"ImageObject","inLanguage":"en-US","@id":"https:\/\/mygrappa.it\/#\/schema\/logo\/image\/","url":"https:\/\/mygrappa.it\/wp-content\/uploads\/2023\/12\/mygrappalogo.png","contentUrl":"https:\/\/mygrappa.it\/wp-content\/uploads\/2023\/12\/mygrappalogo.png","width":379,"height":80,"caption":"Mygrappa - DIS Srl"},"image":{"@id":"https:\/\/mygrappa.it\/#\/schema\/logo\/image\/"}}]}},"_links":{"self":[{"href":"https:\/\/mygrappa.it\/en\/wp-json\/wp\/v2\/product\/3577","targetHints":{"allow":["GET"]}}],"collection":[{"href":"https:\/\/mygrappa.it\/en\/wp-json\/wp\/v2\/product"}],"about":[{"href":"https:\/\/mygrappa.it\/en\/wp-json\/wp\/v2\/types\/product"}],"version-history":[{"count":0,"href":"https:\/\/mygrappa.it\/en\/wp-json\/wp\/v2\/product\/3577\/revisions"}],"wp:featuredmedia":[{"embeddable":true,"href":"https:\/\/mygrappa.it\/en\/wp-json\/wp\/v2\/media\/21461"}],"wp:attachment":[{"href":"https:\/\/mygrappa.it\/en\/wp-json\/wp\/v2\/media?parent=3577"}],"wp:term":[{"taxonomy":"product_brand","embeddable":true,"href":"https:\/\/mygrappa.it\/en\/wp-json\/wp\/v2\/product_brand?post=3577"},{"taxonomy":"product_cat","embeddable":true,"href":"https:\/\/mygrappa.it\/en\/wp-json\/wp\/v2\/product_cat?post=3577"},{"taxonomy":"product_tag","embeddable":true,"href":"https:\/\/mygrappa.it\/en\/wp-json\/wp\/v2\/product_tag?post=3577"}],"curies":[{"name":"wp","href":"https:\/\/api.w.org\/{rel}","templated":true}]}}