{"id":3589,"date":"2021-04-19T10:44:40","date_gmt":"2021-04-19T08:44:40","guid":{"rendered":"https:\/\/mygrappa.it\/?post_type=product&#038;p=3589"},"modified":"2024-12-18T01:32:46","modified_gmt":"2024-12-18T00:32:46","slug":"my-limoncello-2","status":"publish","type":"product","link":"https:\/\/mygrappa.it\/en\/product\/my-limoncello-2\/","title":{"rendered":"My Limoncello"},"content":{"rendered":"<p>Il Limoncello \u00e8 sicuramente il digestivo italiano pi\u00f9 di moda attualmente sul mercato mondiale dei prodotti alcolici, e nonostante la sua scoperta sia rivendicata dagli abitanti di Sorrento, che senza dubbio ha dato il via al lancio in grande stile di questo prodotto, il liquore che Lorenzo Inga ha prodotto, proviene da infusioni di bucce di limone e succo di limone siciliani, questo grazie alla grande tradizione sicula che lega la Famiglia Inga a questa fantastica ed affascinante isola italica.<br \/>\nMy Limoncello \u00e8 presentato nella medesima bottiglia della My Sambuca, con elegante etichetta trasparente e capsula blu e rispecchia la gradazione originale di 30% Vol. che \u00e8 importante perch\u00e8 permette al liquido di non ghiacciarsi quando la bottiglia \u00e8 conservata nei congelatori o nei freezers pi\u00f9 freddi.<br \/>\nIl prodotto \u00e8 morbido, acidulo e profumato, con note amarognole tipiche delle bucce, che aiutano la digestione, se bevuto molto freddo ovviamente.<br \/>\nMy Limoncello, grazie al suo profumo e sapore originale, \u00e8 ottimo utilizzato per preparare sorbetti, da aggiungere al gelato o semplicemente da degustarsi ghiacciatissimo in bicchierini altrettanto ghiacciati!<br \/>\nBottiglia in vetro da 50cl<br \/>\n<strong>Gradazione:<\/strong> 30% vol.<\/p>\n<p>My Limoncello &amp; My Sambuca sono marchi registrati<\/p>\n","protected":false},"excerpt":{"rendered":"<p>Il Limoncello \u00e8 sicuramente il digestivo italiano pi\u00f9 di moda attualmente sul mercato mondiale dei prodotti alcolici, e nonostante la sua scoperta sia rivendicata dagli abitanti di Sorrento, che senza&hellip;<\/p>\n","protected":false},"featured_media":21465,"template":"","meta":[],"product_brand":[],"product_cat":[285],"product_tag":[],"class_list":{"0":"post-3589","1":"product","2":"type-product","3":"status-publish","4":"has-post-thumbnail","6":"product_cat-lorenzo-inga-selection","8":"first","9":"instock","10":"purchasable","11":"product-type-simple"},"yoast_head":"<!-- This site is optimized with the Yoast SEO plugin v25.4 - https:\/\/yoast.com\/wordpress\/plugins\/seo\/ -->\n<title>My Limoncello - Mygrappa - DIS Srl<\/title>\n<meta name=\"robots\" content=\"index, follow, max-snippet:-1, max-image-preview:large, max-video-preview:-1\" \/>\n<link rel=\"canonical\" href=\"https:\/\/mygrappa.it\/product\/my-limoncello-2\/\" \/>\n<meta property=\"og:locale\" content=\"en_US\" \/>\n<meta property=\"og:type\" content=\"article\" \/>\n<meta property=\"og:title\" content=\"My Limoncello - Mygrappa - DIS Srl\" \/>\n<meta property=\"og:description\" content=\"Il Limoncello \u00e8 sicuramente il digestivo italiano pi\u00f9 di moda attualmente sul mercato mondiale dei prodotti alcolici, e nonostante la sua scoperta sia rivendicata dagli abitanti di Sorrento, che senza&hellip;\" \/>\n<meta property=\"og:url\" content=\"https:\/\/mygrappa.it\/product\/my-limoncello-2\/\" \/>\n<meta property=\"og:site_name\" content=\"Mygrappa - DIS Srl\" \/>\n<meta property=\"article:modified_time\" content=\"2024-12-18T00:32:46+00:00\" \/>\n<meta property=\"og:image\" content=\"https:\/\/mygrappa.it\/wp-content\/uploads\/2024\/12\/img_limoncello_big.jpg\" \/>\n\t<meta property=\"og:image:width\" content=\"800\" \/>\n\t<meta property=\"og:image:height\" content=\"1200\" \/>\n\t<meta property=\"og:image:type\" content=\"image\/jpeg\" \/>\n<meta name=\"twitter:card\" content=\"summary_large_image\" \/>\n<meta name=\"twitter:label1\" content=\"Est. reading time\" \/>\n\t<meta name=\"twitter:data1\" content=\"1 minute\" \/>\n<script type=\"application\/ld+json\" class=\"yoast-schema-graph\">{\"@context\":\"https:\/\/schema.org\",\"@graph\":[{\"@type\":\"WebPage\",\"@id\":\"https:\/\/mygrappa.it\/product\/my-limoncello-2\/\",\"url\":\"https:\/\/mygrappa.it\/product\/my-limoncello-2\/\",\"name\":\"My Limoncello - Mygrappa - DIS Srl\",\"isPartOf\":{\"@id\":\"https:\/\/mygrappa.it\/#website\"},\"primaryImageOfPage\":{\"@id\":\"https:\/\/mygrappa.it\/product\/my-limoncello-2\/#primaryimage\"},\"image\":{\"@id\":\"https:\/\/mygrappa.it\/product\/my-limoncello-2\/#primaryimage\"},\"thumbnailUrl\":\"https:\/\/mygrappa.it\/wp-content\/uploads\/2024\/12\/img_limoncello_big.jpg\",\"datePublished\":\"2021-04-19T08:44:40+00:00\",\"dateModified\":\"2024-12-18T00:32:46+00:00\",\"breadcrumb\":{\"@id\":\"https:\/\/mygrappa.it\/product\/my-limoncello-2\/#breadcrumb\"},\"inLanguage\":\"en-US\",\"potentialAction\":[{\"@type\":\"ReadAction\",\"target\":[\"https:\/\/mygrappa.it\/product\/my-limoncello-2\/\"]}]},{\"@type\":\"ImageObject\",\"inLanguage\":\"en-US\",\"@id\":\"https:\/\/mygrappa.it\/product\/my-limoncello-2\/#primaryimage\",\"url\":\"https:\/\/mygrappa.it\/wp-content\/uploads\/2024\/12\/img_limoncello_big.jpg\",\"contentUrl\":\"https:\/\/mygrappa.it\/wp-content\/uploads\/2024\/12\/img_limoncello_big.jpg\",\"width\":800,\"height\":1200},{\"@type\":\"BreadcrumbList\",\"@id\":\"https:\/\/mygrappa.it\/product\/my-limoncello-2\/#breadcrumb\",\"itemListElement\":[{\"@type\":\"ListItem\",\"position\":1,\"name\":\"Home\",\"item\":\"https:\/\/mygrappa.it\/en\/\"},{\"@type\":\"ListItem\",\"position\":2,\"name\":\"Shop\",\"item\":\"https:\/\/mygrappa.it\/shop\/\"},{\"@type\":\"ListItem\",\"position\":3,\"name\":\"My Limoncello\"}]},{\"@type\":\"WebSite\",\"@id\":\"https:\/\/mygrappa.it\/#website\",\"url\":\"https:\/\/mygrappa.it\/\",\"name\":\"Mygrappa - DIS Srl\",\"description\":\"\",\"publisher\":{\"@id\":\"https:\/\/mygrappa.it\/#organization\"},\"potentialAction\":[{\"@type\":\"SearchAction\",\"target\":{\"@type\":\"EntryPoint\",\"urlTemplate\":\"https:\/\/mygrappa.it\/?s={search_term_string}\"},\"query-input\":{\"@type\":\"PropertyValueSpecification\",\"valueRequired\":true,\"valueName\":\"search_term_string\"}}],\"inLanguage\":\"en-US\"},{\"@type\":\"Organization\",\"@id\":\"https:\/\/mygrappa.it\/#organization\",\"name\":\"Mygrappa - DIS Srl\",\"url\":\"https:\/\/mygrappa.it\/\",\"logo\":{\"@type\":\"ImageObject\",\"inLanguage\":\"en-US\",\"@id\":\"https:\/\/mygrappa.it\/#\/schema\/logo\/image\/\",\"url\":\"https:\/\/mygrappa.it\/wp-content\/uploads\/2023\/12\/mygrappalogo.png\",\"contentUrl\":\"https:\/\/mygrappa.it\/wp-content\/uploads\/2023\/12\/mygrappalogo.png\",\"width\":379,\"height\":80,\"caption\":\"Mygrappa - DIS Srl\"},\"image\":{\"@id\":\"https:\/\/mygrappa.it\/#\/schema\/logo\/image\/\"}}]}<\/script>\n<!-- \/ Yoast SEO plugin. -->","yoast_head_json":{"title":"My Limoncello - Mygrappa - DIS Srl","robots":{"index":"index","follow":"follow","max-snippet":"max-snippet:-1","max-image-preview":"max-image-preview:large","max-video-preview":"max-video-preview:-1"},"canonical":"https:\/\/mygrappa.it\/product\/my-limoncello-2\/","og_locale":"en_US","og_type":"article","og_title":"My Limoncello - Mygrappa - DIS Srl","og_description":"Il Limoncello \u00e8 sicuramente il digestivo italiano pi\u00f9 di moda attualmente sul mercato mondiale dei prodotti alcolici, e nonostante la sua scoperta sia rivendicata dagli abitanti di Sorrento, che senza&hellip;","og_url":"https:\/\/mygrappa.it\/product\/my-limoncello-2\/","og_site_name":"Mygrappa - DIS Srl","article_modified_time":"2024-12-18T00:32:46+00:00","og_image":[{"width":800,"height":1200,"url":"https:\/\/mygrappa.it\/wp-content\/uploads\/2024\/12\/img_limoncello_big.jpg","type":"image\/jpeg"}],"twitter_card":"summary_large_image","twitter_misc":{"Est. reading time":"1 minute"},"schema":{"@context":"https:\/\/schema.org","@graph":[{"@type":"WebPage","@id":"https:\/\/mygrappa.it\/product\/my-limoncello-2\/","url":"https:\/\/mygrappa.it\/product\/my-limoncello-2\/","name":"My Limoncello - Mygrappa - DIS Srl","isPartOf":{"@id":"https:\/\/mygrappa.it\/#website"},"primaryImageOfPage":{"@id":"https:\/\/mygrappa.it\/product\/my-limoncello-2\/#primaryimage"},"image":{"@id":"https:\/\/mygrappa.it\/product\/my-limoncello-2\/#primaryimage"},"thumbnailUrl":"https:\/\/mygrappa.it\/wp-content\/uploads\/2024\/12\/img_limoncello_big.jpg","datePublished":"2021-04-19T08:44:40+00:00","dateModified":"2024-12-18T00:32:46+00:00","breadcrumb":{"@id":"https:\/\/mygrappa.it\/product\/my-limoncello-2\/#breadcrumb"},"inLanguage":"en-US","potentialAction":[{"@type":"ReadAction","target":["https:\/\/mygrappa.it\/product\/my-limoncello-2\/"]}]},{"@type":"ImageObject","inLanguage":"en-US","@id":"https:\/\/mygrappa.it\/product\/my-limoncello-2\/#primaryimage","url":"https:\/\/mygrappa.it\/wp-content\/uploads\/2024\/12\/img_limoncello_big.jpg","contentUrl":"https:\/\/mygrappa.it\/wp-content\/uploads\/2024\/12\/img_limoncello_big.jpg","width":800,"height":1200},{"@type":"BreadcrumbList","@id":"https:\/\/mygrappa.it\/product\/my-limoncello-2\/#breadcrumb","itemListElement":[{"@type":"ListItem","position":1,"name":"Home","item":"https:\/\/mygrappa.it\/en\/"},{"@type":"ListItem","position":2,"name":"Shop","item":"https:\/\/mygrappa.it\/shop\/"},{"@type":"ListItem","position":3,"name":"My Limoncello"}]},{"@type":"WebSite","@id":"https:\/\/mygrappa.it\/#website","url":"https:\/\/mygrappa.it\/","name":"Mygrappa - DIS Srl","description":"","publisher":{"@id":"https:\/\/mygrappa.it\/#organization"},"potentialAction":[{"@type":"SearchAction","target":{"@type":"EntryPoint","urlTemplate":"https:\/\/mygrappa.it\/?s={search_term_string}"},"query-input":{"@type":"PropertyValueSpecification","valueRequired":true,"valueName":"search_term_string"}}],"inLanguage":"en-US"},{"@type":"Organization","@id":"https:\/\/mygrappa.it\/#organization","name":"Mygrappa - DIS Srl","url":"https:\/\/mygrappa.it\/","logo":{"@type":"ImageObject","inLanguage":"en-US","@id":"https:\/\/mygrappa.it\/#\/schema\/logo\/image\/","url":"https:\/\/mygrappa.it\/wp-content\/uploads\/2023\/12\/mygrappalogo.png","contentUrl":"https:\/\/mygrappa.it\/wp-content\/uploads\/2023\/12\/mygrappalogo.png","width":379,"height":80,"caption":"Mygrappa - DIS Srl"},"image":{"@id":"https:\/\/mygrappa.it\/#\/schema\/logo\/image\/"}}]}},"_links":{"self":[{"href":"https:\/\/mygrappa.it\/en\/wp-json\/wp\/v2\/product\/3589","targetHints":{"allow":["GET"]}}],"collection":[{"href":"https:\/\/mygrappa.it\/en\/wp-json\/wp\/v2\/product"}],"about":[{"href":"https:\/\/mygrappa.it\/en\/wp-json\/wp\/v2\/types\/product"}],"version-history":[{"count":0,"href":"https:\/\/mygrappa.it\/en\/wp-json\/wp\/v2\/product\/3589\/revisions"}],"wp:featuredmedia":[{"embeddable":true,"href":"https:\/\/mygrappa.it\/en\/wp-json\/wp\/v2\/media\/21465"}],"wp:attachment":[{"href":"https:\/\/mygrappa.it\/en\/wp-json\/wp\/v2\/media?parent=3589"}],"wp:term":[{"taxonomy":"product_brand","embeddable":true,"href":"https:\/\/mygrappa.it\/en\/wp-json\/wp\/v2\/product_brand?post=3589"},{"taxonomy":"product_cat","embeddable":true,"href":"https:\/\/mygrappa.it\/en\/wp-json\/wp\/v2\/product_cat?post=3589"},{"taxonomy":"product_tag","embeddable":true,"href":"https:\/\/mygrappa.it\/en\/wp-json\/wp\/v2\/product_tag?post=3589"}],"curies":[{"name":"wp","href":"https:\/\/api.w.org\/{rel}","templated":true}]}}