{"id":3604,"date":"2021-04-19T10:44:40","date_gmt":"2021-04-19T08:44:40","guid":{"rendered":"https:\/\/mygrappa.it\/?post_type=product&#038;p=3604"},"modified":"2025-05-19T12:26:11","modified_gmt":"2025-05-19T10:26:11","slug":"antico-amaro-di-serravalle","status":"publish","type":"product","link":"https:\/\/mygrappa.it\/en\/product\/antico-amaro-di-serravalle\/","title":{"rendered":"Antico Amaro di Serravalle"},"content":{"rendered":"<p>La famiglia Inga possiede un antico ricettario scritto manualmente dal bisnonno di Lorenzo, Gaetano Inga, che dalla lontana Noto, in Sicilia, dove la famiglia possiedeva propriet\u00e0 e distillerie specializzate nella produzione di vini, marsala e liquori sin dagli inizi del 1900 si trasfer\u00ec a Serravalle Scrivia, in Piemonte, dove acquist\u00f2 e ristruttur\u00f2 un piccolo liquorificio chiamato Gambarotta che divenne poi negli anni a venire una rinomata distilleria, produttrice della nota grappa Libarna e dell\u2019amaro Gambarotta.<br \/>\nTra le vecchie formule che appaiono nel ricettario, vi \u00e8 quella di un elisir di erbe medicinale di cui si narra la leggenda che un vecchio frate cappuccino la avesse elaborata per curare epidemie di colera nell\u2019India del 1700.<br \/>\n\u00c8 un prodotto artigianale composto da pi\u00f9 di 22 erbe, radici e cortecce mescolate insieme nelle giuste proporzioni e messe in infusione in alcool e acqua per almeno due mesi.<br \/>\n\u00c8 un liquore digestivo molto morbido, dove nessun ingrediente prevale sull\u2019altro e dove si possono riconoscere profumi di arancio, menta, rabarbaro e molti altri ancora.<br \/>\nSi beve liscio oppure on the rocks come aperitivo, ma \u00e8 pure indicato mescolato sul gelato o aggiunto al caff\u00e9.<\/p>\n<div id=\"gtx-trans\" style=\"position: absolute; left: -23px; top: 288px;\">\n<div class=\"gtx-trans-icon\"><\/div>\n<\/div>\n","protected":false},"excerpt":{"rendered":"<p>La famiglia Inga possiede un antico ricettario scritto manualmente dal bisnonno di Lorenzo, Gaetano Inga, che dalla lontana Noto, in Sicilia, dove la famiglia possiedeva propriet\u00e0 e distillerie specializzate nella&hellip;<\/p>\n","protected":false},"featured_media":21883,"template":"","meta":[],"product_brand":[],"product_cat":[296],"product_tag":[],"class_list":{"0":"post-3604","1":"product","2":"type-product","3":"status-publish","4":"has-post-thumbnail","6":"product_cat-antico-amaro-di-serravalle","8":"first","9":"instock","10":"purchasable","11":"product-type-simple"},"yoast_head":"<!-- This site is optimized with the Yoast SEO plugin v25.4 - https:\/\/yoast.com\/wordpress\/plugins\/seo\/ -->\n<title>Antico Amaro di Serravalle - Mygrappa - DIS Srl<\/title>\n<meta name=\"robots\" content=\"index, follow, max-snippet:-1, max-image-preview:large, max-video-preview:-1\" \/>\n<link rel=\"canonical\" href=\"https:\/\/mygrappa.it\/product\/antico-amaro-di-serravalle\/\" \/>\n<meta property=\"og:locale\" content=\"en_US\" \/>\n<meta property=\"og:type\" content=\"article\" \/>\n<meta property=\"og:title\" content=\"Antico Amaro di Serravalle - Mygrappa - DIS Srl\" \/>\n<meta property=\"og:description\" content=\"La famiglia Inga possiede un antico ricettario scritto manualmente dal bisnonno di Lorenzo, Gaetano Inga, che dalla lontana Noto, in Sicilia, dove la famiglia possiedeva propriet\u00e0 e distillerie specializzate nella&hellip;\" \/>\n<meta property=\"og:url\" content=\"https:\/\/mygrappa.it\/product\/antico-amaro-di-serravalle\/\" \/>\n<meta property=\"og:site_name\" content=\"Mygrappa - DIS Srl\" \/>\n<meta property=\"article:modified_time\" content=\"2025-05-19T10:26:11+00:00\" \/>\n<meta property=\"og:image\" content=\"https:\/\/mygrappa.it\/wp-content\/uploads\/2025\/01\/Amaro.png\" \/>\n\t<meta property=\"og:image:width\" content=\"505\" \/>\n\t<meta property=\"og:image:height\" content=\"623\" \/>\n\t<meta property=\"og:image:type\" content=\"image\/png\" \/>\n<meta name=\"twitter:card\" content=\"summary_large_image\" \/>\n<meta name=\"twitter:label1\" content=\"Est. reading time\" \/>\n\t<meta name=\"twitter:data1\" content=\"1 minute\" \/>\n<script type=\"application\/ld+json\" class=\"yoast-schema-graph\">{\"@context\":\"https:\/\/schema.org\",\"@graph\":[{\"@type\":\"WebPage\",\"@id\":\"https:\/\/mygrappa.it\/product\/antico-amaro-di-serravalle\/\",\"url\":\"https:\/\/mygrappa.it\/product\/antico-amaro-di-serravalle\/\",\"name\":\"Antico Amaro di Serravalle - Mygrappa - DIS Srl\",\"isPartOf\":{\"@id\":\"https:\/\/mygrappa.it\/#website\"},\"primaryImageOfPage\":{\"@id\":\"https:\/\/mygrappa.it\/product\/antico-amaro-di-serravalle\/#primaryimage\"},\"image\":{\"@id\":\"https:\/\/mygrappa.it\/product\/antico-amaro-di-serravalle\/#primaryimage\"},\"thumbnailUrl\":\"https:\/\/mygrappa.it\/wp-content\/uploads\/2025\/01\/Amaro.png\",\"datePublished\":\"2021-04-19T08:44:40+00:00\",\"dateModified\":\"2025-05-19T10:26:11+00:00\",\"breadcrumb\":{\"@id\":\"https:\/\/mygrappa.it\/product\/antico-amaro-di-serravalle\/#breadcrumb\"},\"inLanguage\":\"en-US\",\"potentialAction\":[{\"@type\":\"ReadAction\",\"target\":[\"https:\/\/mygrappa.it\/product\/antico-amaro-di-serravalle\/\"]}]},{\"@type\":\"ImageObject\",\"inLanguage\":\"en-US\",\"@id\":\"https:\/\/mygrappa.it\/product\/antico-amaro-di-serravalle\/#primaryimage\",\"url\":\"https:\/\/mygrappa.it\/wp-content\/uploads\/2025\/01\/Amaro.png\",\"contentUrl\":\"https:\/\/mygrappa.it\/wp-content\/uploads\/2025\/01\/Amaro.png\",\"width\":505,\"height\":623},{\"@type\":\"BreadcrumbList\",\"@id\":\"https:\/\/mygrappa.it\/product\/antico-amaro-di-serravalle\/#breadcrumb\",\"itemListElement\":[{\"@type\":\"ListItem\",\"position\":1,\"name\":\"Home\",\"item\":\"https:\/\/mygrappa.it\/en\/\"},{\"@type\":\"ListItem\",\"position\":2,\"name\":\"Shop\",\"item\":\"https:\/\/mygrappa.it\/shop\/\"},{\"@type\":\"ListItem\",\"position\":3,\"name\":\"Antico Amaro di Serravalle\"}]},{\"@type\":\"WebSite\",\"@id\":\"https:\/\/mygrappa.it\/#website\",\"url\":\"https:\/\/mygrappa.it\/\",\"name\":\"Mygrappa - DIS Srl\",\"description\":\"\",\"publisher\":{\"@id\":\"https:\/\/mygrappa.it\/#organization\"},\"potentialAction\":[{\"@type\":\"SearchAction\",\"target\":{\"@type\":\"EntryPoint\",\"urlTemplate\":\"https:\/\/mygrappa.it\/?s={search_term_string}\"},\"query-input\":{\"@type\":\"PropertyValueSpecification\",\"valueRequired\":true,\"valueName\":\"search_term_string\"}}],\"inLanguage\":\"en-US\"},{\"@type\":\"Organization\",\"@id\":\"https:\/\/mygrappa.it\/#organization\",\"name\":\"Mygrappa - DIS Srl\",\"url\":\"https:\/\/mygrappa.it\/\",\"logo\":{\"@type\":\"ImageObject\",\"inLanguage\":\"en-US\",\"@id\":\"https:\/\/mygrappa.it\/#\/schema\/logo\/image\/\",\"url\":\"https:\/\/mygrappa.it\/wp-content\/uploads\/2023\/12\/mygrappalogo.png\",\"contentUrl\":\"https:\/\/mygrappa.it\/wp-content\/uploads\/2023\/12\/mygrappalogo.png\",\"width\":379,\"height\":80,\"caption\":\"Mygrappa - DIS Srl\"},\"image\":{\"@id\":\"https:\/\/mygrappa.it\/#\/schema\/logo\/image\/\"}}]}<\/script>\n<!-- \/ Yoast SEO plugin. -->","yoast_head_json":{"title":"Antico Amaro di Serravalle - Mygrappa - DIS Srl","robots":{"index":"index","follow":"follow","max-snippet":"max-snippet:-1","max-image-preview":"max-image-preview:large","max-video-preview":"max-video-preview:-1"},"canonical":"https:\/\/mygrappa.it\/product\/antico-amaro-di-serravalle\/","og_locale":"en_US","og_type":"article","og_title":"Antico Amaro di Serravalle - Mygrappa - DIS Srl","og_description":"La famiglia Inga possiede un antico ricettario scritto manualmente dal bisnonno di Lorenzo, Gaetano Inga, che dalla lontana Noto, in Sicilia, dove la famiglia possiedeva propriet\u00e0 e distillerie specializzate nella&hellip;","og_url":"https:\/\/mygrappa.it\/product\/antico-amaro-di-serravalle\/","og_site_name":"Mygrappa - DIS Srl","article_modified_time":"2025-05-19T10:26:11+00:00","og_image":[{"width":505,"height":623,"url":"https:\/\/mygrappa.it\/wp-content\/uploads\/2025\/01\/Amaro.png","type":"image\/png"}],"twitter_card":"summary_large_image","twitter_misc":{"Est. reading time":"1 minute"},"schema":{"@context":"https:\/\/schema.org","@graph":[{"@type":"WebPage","@id":"https:\/\/mygrappa.it\/product\/antico-amaro-di-serravalle\/","url":"https:\/\/mygrappa.it\/product\/antico-amaro-di-serravalle\/","name":"Antico Amaro di Serravalle - Mygrappa - DIS Srl","isPartOf":{"@id":"https:\/\/mygrappa.it\/#website"},"primaryImageOfPage":{"@id":"https:\/\/mygrappa.it\/product\/antico-amaro-di-serravalle\/#primaryimage"},"image":{"@id":"https:\/\/mygrappa.it\/product\/antico-amaro-di-serravalle\/#primaryimage"},"thumbnailUrl":"https:\/\/mygrappa.it\/wp-content\/uploads\/2025\/01\/Amaro.png","datePublished":"2021-04-19T08:44:40+00:00","dateModified":"2025-05-19T10:26:11+00:00","breadcrumb":{"@id":"https:\/\/mygrappa.it\/product\/antico-amaro-di-serravalle\/#breadcrumb"},"inLanguage":"en-US","potentialAction":[{"@type":"ReadAction","target":["https:\/\/mygrappa.it\/product\/antico-amaro-di-serravalle\/"]}]},{"@type":"ImageObject","inLanguage":"en-US","@id":"https:\/\/mygrappa.it\/product\/antico-amaro-di-serravalle\/#primaryimage","url":"https:\/\/mygrappa.it\/wp-content\/uploads\/2025\/01\/Amaro.png","contentUrl":"https:\/\/mygrappa.it\/wp-content\/uploads\/2025\/01\/Amaro.png","width":505,"height":623},{"@type":"BreadcrumbList","@id":"https:\/\/mygrappa.it\/product\/antico-amaro-di-serravalle\/#breadcrumb","itemListElement":[{"@type":"ListItem","position":1,"name":"Home","item":"https:\/\/mygrappa.it\/en\/"},{"@type":"ListItem","position":2,"name":"Shop","item":"https:\/\/mygrappa.it\/shop\/"},{"@type":"ListItem","position":3,"name":"Antico Amaro di Serravalle"}]},{"@type":"WebSite","@id":"https:\/\/mygrappa.it\/#website","url":"https:\/\/mygrappa.it\/","name":"Mygrappa - DIS Srl","description":"","publisher":{"@id":"https:\/\/mygrappa.it\/#organization"},"potentialAction":[{"@type":"SearchAction","target":{"@type":"EntryPoint","urlTemplate":"https:\/\/mygrappa.it\/?s={search_term_string}"},"query-input":{"@type":"PropertyValueSpecification","valueRequired":true,"valueName":"search_term_string"}}],"inLanguage":"en-US"},{"@type":"Organization","@id":"https:\/\/mygrappa.it\/#organization","name":"Mygrappa - DIS Srl","url":"https:\/\/mygrappa.it\/","logo":{"@type":"ImageObject","inLanguage":"en-US","@id":"https:\/\/mygrappa.it\/#\/schema\/logo\/image\/","url":"https:\/\/mygrappa.it\/wp-content\/uploads\/2023\/12\/mygrappalogo.png","contentUrl":"https:\/\/mygrappa.it\/wp-content\/uploads\/2023\/12\/mygrappalogo.png","width":379,"height":80,"caption":"Mygrappa - DIS Srl"},"image":{"@id":"https:\/\/mygrappa.it\/#\/schema\/logo\/image\/"}}]}},"_links":{"self":[{"href":"https:\/\/mygrappa.it\/en\/wp-json\/wp\/v2\/product\/3604","targetHints":{"allow":["GET"]}}],"collection":[{"href":"https:\/\/mygrappa.it\/en\/wp-json\/wp\/v2\/product"}],"about":[{"href":"https:\/\/mygrappa.it\/en\/wp-json\/wp\/v2\/types\/product"}],"version-history":[{"count":0,"href":"https:\/\/mygrappa.it\/en\/wp-json\/wp\/v2\/product\/3604\/revisions"}],"wp:featuredmedia":[{"embeddable":true,"href":"https:\/\/mygrappa.it\/en\/wp-json\/wp\/v2\/media\/21883"}],"wp:attachment":[{"href":"https:\/\/mygrappa.it\/en\/wp-json\/wp\/v2\/media?parent=3604"}],"wp:term":[{"taxonomy":"product_brand","embeddable":true,"href":"https:\/\/mygrappa.it\/en\/wp-json\/wp\/v2\/product_brand?post=3604"},{"taxonomy":"product_cat","embeddable":true,"href":"https:\/\/mygrappa.it\/en\/wp-json\/wp\/v2\/product_cat?post=3604"},{"taxonomy":"product_tag","embeddable":true,"href":"https:\/\/mygrappa.it\/en\/wp-json\/wp\/v2\/product_tag?post=3604"}],"curies":[{"name":"wp","href":"https:\/\/api.w.org\/{rel}","templated":true}]}}